{"id":405,"date":"2026-03-24T14:17:45","date_gmt":"2026-03-24T13:17:45","guid":{"rendered":"https:\/\/afreitas.promeo-capnumerique.fr\/?page_id=405"},"modified":"2026-03-27T15:29:29","modified_gmt":"2026-03-27T14:29:29","slug":"accueil-2","status":"publish","type":"page","link":"https:\/\/afreitas.promeo-capnumerique.fr\/","title":{"rendered":"Accueil"},"content":{"rendered":"\t\t<div data-elementor-type=\"wp-page\" data-elementor-id=\"405\" class=\"elementor elementor-405\">\n\t\t\t\t<div class=\"elementor-element elementor-element-0635af5 e-flex e-con-boxed wpr-particle-no wpr-jarallax-no wpr-parallax-no wpr-sticky-section-no e-con e-parent\" data-id=\"0635af5\" data-element_type=\"container\" data-e-type=\"container\" data-settings=\"{&quot;background_background&quot;:&quot;classic&quot;}\">\n\t\t\t\t\t<div class=\"e-con-inner\">\n\t\t\t\t<div class=\"elementor-element elementor-element-87d6157 elementor-invisible elementor-widget elementor-widget-maxmegamenu\" data-id=\"87d6157\" data-element_type=\"widget\" data-e-type=\"widget\" data-settings=\"{&quot;_animation&quot;:&quot;fadeIn&quot;}\" data-widget_type=\"maxmegamenu.default\">\n\t\t\t\t<div class=\"elementor-widget-container\">\n\t\t\t\t\t<div id=\"mega-menu-wrap-menu-1\" class=\"mega-menu-wrap\"><div class=\"mega-menu-toggle\"><div class=\"mega-toggle-blocks-left\"><\/div><div class=\"mega-toggle-blocks-center\"><\/div><div class=\"mega-toggle-blocks-right\"><div class='mega-toggle-block mega-menu-toggle-animated-block mega-toggle-block-0' id='mega-toggle-block-0'><button aria-label=\"Toggle Menu\" class=\"mega-toggle-animated mega-toggle-animated-slider\" type=\"button\" aria-haspopup=\"true\" aria-expanded=\"false\" aria-controls=\"mega-menu-menu-1\">\n                  <span class=\"mega-toggle-animated-box\">\n                    <span class=\"mega-toggle-animated-inner\"><\/span>\n                  <\/span>\n                <\/button><\/div><\/div><\/div><ul id=\"mega-menu-menu-1\" class=\"mega-menu max-mega-menu mega-menu-horizontal mega-no-js\" data-event=\"hover_intent\" data-effect=\"fade_up\" data-effect-speed=\"200\" data-effect-mobile=\"slide_right\" data-effect-speed-mobile=\"200\" data-mobile-force-width=\"false\" data-second-click=\"go\" data-document-click=\"collapse\" data-vertical-behaviour=\"standard\" data-breakpoint=\"768\" data-unbind=\"true\" data-mobile-state=\"collapse_all\" data-mobile-direction=\"vertical\" data-hover-intent-timeout=\"300\" data-hover-intent-interval=\"100\"><li class=\"mega-menu-item mega-menu-item-type-custom mega-menu-item-object-custom mega-menu-item-home mega-align-bottom-left mega-menu-flyout mega-menu-item-217\" id=\"mega-menu-item-217\"><a class=\"mega-menu-link\" href=\"https:\/\/afreitas.promeo-capnumerique.fr\/#page-top\">Home<\/a><\/li><li class=\"mega-menu-item mega-menu-item-type-post_type mega-menu-item-object-page mega-align-bottom-left mega-menu-flyout mega-menu-item-226\" id=\"mega-menu-item-226\"><a class=\"mega-menu-link\" href=\"https:\/\/afreitas.promeo-capnumerique.fr\/?page_id=186\">Pr\u00e9sentation Adico<\/a><\/li><li class=\"mega-menu-item mega-menu-item-type-post_type mega-menu-item-object-page mega-align-bottom-left mega-menu-flyout mega-menu-item-221\" id=\"mega-menu-item-221\"><a class=\"mega-menu-link\" href=\"https:\/\/afreitas.promeo-capnumerique.fr\/?page_id=188\">Curriculum vit\u00e6<\/a><\/li><li class=\"mega-menu-item mega-menu-item-type-post_type mega-menu-item-object-page mega-align-bottom-left mega-menu-flyout mega-menu-item-223\" id=\"mega-menu-item-223\"><a class=\"mega-menu-link\" href=\"https:\/\/afreitas.promeo-capnumerique.fr\/?page_id=190\">Grille des comp\u00e9tences<\/a><\/li><li class=\"mega-menu-item mega-menu-item-type-post_type mega-menu-item-object-page mega-align-bottom-left mega-menu-flyout mega-menu-item-222\" id=\"mega-menu-item-222\"><a class=\"mega-menu-link\" href=\"https:\/\/afreitas.promeo-capnumerique.fr\/?page_id=189\">Veille Info<\/a><\/li><li class=\"mega-menu-item mega-menu-item-type-post_type mega-menu-item-object-page mega-align-bottom-left mega-menu-flyout mega-menu-item-224\" id=\"mega-menu-item-224\"><a class=\"mega-menu-link\" href=\"https:\/\/afreitas.promeo-capnumerique.fr\/?page_id=184\">PPE 1<\/a><\/li><li class=\"mega-menu-item mega-menu-item-type-post_type mega-menu-item-object-page mega-align-bottom-left mega-menu-flyout mega-menu-item-225\" id=\"mega-menu-item-225\"><a class=\"mega-menu-link\" href=\"https:\/\/afreitas.promeo-capnumerique.fr\/?page_id=185\">PPE 2<\/a><\/li><\/ul><button aria-controls=\"mega-menu-menu-1\" aria-label=\"Close\" class='mega-close'><\/button><\/div>\t\t\t\t<\/div>\n\t\t\t\t<\/div>\n\t\t\t\t<div class=\"elementor-element elementor-element-606726d elementor-widget elementor-widget-spacer\" data-id=\"606726d\" data-element_type=\"widget\" data-e-type=\"widget\" data-widget_type=\"spacer.default\">\n\t\t\t\t\t\t\t<div class=\"elementor-spacer\">\n\t\t\t<div class=\"elementor-spacer-inner\"><\/div>\n\t\t<\/div>\n\t\t\t\t\t\t<\/div>\n\t\t\t\t<div class=\"elementor-element elementor-element-dc665cc elementor-widget elementor-widget-heading\" data-id=\"dc665cc\" data-element_type=\"widget\" data-e-type=\"widget\" data-widget_type=\"heading.default\">\n\t\t\t\t\t<h2 class=\"elementor-heading-title elementor-size-default\">Accueil<\/h2>\t\t\t\t<\/div>\n\t\t\t\t<div class=\"elementor-element elementor-element-da960b5 elementor-widget__width-initial elementor-widget elementor-widget-text-editor\" data-id=\"da960b5\" data-element_type=\"widget\" data-e-type=\"widget\" data-widget_type=\"text-editor.default\">\n\t\t\t\t\t\t\t\t\t<p>Je m&rsquo;appelle\u00a0<strong>Freitas Allan<\/strong>, je suis actuellement apprentis en\u00a0<strong>BTS SIO<\/strong>\u00a0(Services Informatiques aux Organisations), sp\u00e9cialit\u00e9\u00a0 <strong>SISR<\/strong>\u00a0(Solutions d&rsquo;Infrastructures, Syst\u00e8mes et R\u00e9seaux), au\u00a0<strong>Centre de Formation Promeo de Beauvais<\/strong>. Je travaille \u00e0 l&rsquo;<strong>Adico<\/strong>, une association, en tant qu&rsquo;apprentis technicien informatique.<\/p><p>Ce site r\u00e9pertorie mes travaux durant ce BTS.\u00a0<\/p>\t\t\t\t\t\t\t\t<\/div>\n\t\t\t\t\t<\/div>\n\t\t\t\t<\/div>\n\t\t\t\t<\/div>\n\t\t","protected":false},"excerpt":{"rendered":"<p>Home Pr\u00e9sentation Adico Curriculum vit\u00e6 Grille des comp\u00e9tences veille Info PPE 1 PPE 2 Accueil Je m&rsquo;appelle\u00a0Freitas Allan, je suis actuellement apprentis en\u00a0BTS SIO\u00a0(Services Informatiques aux Organisations), sp\u00e9cialit\u00e9\u00a0 SISR\u00a0(Solutions d&rsquo;Infrastructures, Syst\u00e8mes et R\u00e9seaux), au\u00a0Centre de Formation Promeo de Beauvais. Je travaille \u00e0 l&rsquo;Adico, une association, en tant qu&rsquo;apprentis technicien informatique. Ce site r\u00e9pertorie mes travaux durant ce BTS.\u00a0<\/p>\n","protected":false},"author":2,"featured_media":0,"parent":0,"menu_order":0,"comment_status":"closed","ping_status":"closed","template":"elementor_canvas","meta":{"footnotes":""},"class_list":["post-405","page","type-page","status-publish","hentry"],"_links":{"self":[{"href":"https:\/\/afreitas.promeo-capnumerique.fr\/index.php?rest_route=\/wp\/v2\/pages\/405","targetHints":{"allow":["GET"]}}],"collection":[{"href":"https:\/\/afreitas.promeo-capnumerique.fr\/index.php?rest_route=\/wp\/v2\/pages"}],"about":[{"href":"https:\/\/afreitas.promeo-capnumerique.fr\/index.php?rest_route=\/wp\/v2\/types\/page"}],"author":[{"embeddable":true,"href":"https:\/\/afreitas.promeo-capnumerique.fr\/index.php?rest_route=\/wp\/v2\/users\/2"}],"replies":[{"embeddable":true,"href":"https:\/\/afreitas.promeo-capnumerique.fr\/index.php?rest_route=%2Fwp%2Fv2%2Fcomments&post=405"}],"version-history":[{"count":31,"href":"https:\/\/afreitas.promeo-capnumerique.fr\/index.php?rest_route=\/wp\/v2\/pages\/405\/revisions"}],"predecessor-version":[{"id":517,"href":"https:\/\/afreitas.promeo-capnumerique.fr\/index.php?rest_route=\/wp\/v2\/pages\/405\/revisions\/517"}],"wp:attachment":[{"href":"https:\/\/afreitas.promeo-capnumerique.fr\/index.php?rest_route=%2Fwp%2Fv2%2Fmedia&parent=405"}],"curies":[{"name":"wp","href":"https:\/\/api.w.org\/{rel}","templated":true}]}}